{"id":887,"date":"2017-01-27T06:00:16","date_gmt":"2017-01-27T06:00:16","guid":{"rendered":"https:\/\/muveszetekavidekfejlesztesert.hu\/mva_fejlec\/"},"modified":"2023-10-24T14:48:36","modified_gmt":"2023-10-24T14:48:36","slug":"gradient-overlay-full-screen","status":"publish","type":"page","link":"http:\/\/muveszetekavidekfejlesztesert.hu\/en\/","title":{"rendered":"Arts for Rural Development Foundation"},"content":{"rendered":"<p>[vc_row full_width=&#8221;stretch_row&#8221; css=&#8221;.vc_custom_1486013594738{padding-top: 90px !important;padding-bottom: 90px !important;}&#8221; el_id=&#8221;about&#8221;][vc_column]                <header class=\"section-heading  section-heading-underline  \" >\n                                <h2>ABOUT US<\/h2>\n                                                    <span>ARTS FOR RURAL DEVELOPMENT FOUNDATION<\/span>\n                            <\/header>\n        [vc_row_inner content_placement=&#8221;middle&#8221; css=&#8221;.vc_custom_1485409106666{padding-top: 90px !important;}&#8221;][vc_column_inner width=&#8221;1\/3&#8243; el_id=&#8221;REGIONAL BOOM&#8221;]\n    <header class=\"section-heading \">\n                <h4  class=\"  text-right\" >REGIONAL REVIVAL<\/h4>\n            <\/header>\n\n    [vc_column_text]<\/p>\n<p style=\"text-align: right;\">The primary objective of the Arts for Rural Development Foundation is to create a regional boom by supporting, organising and maintaining all-round arts events and festivals in rural areas and small villages.<\/p>\n<p>[\/vc_column_text][\/vc_column_inner][vc_column_inner width=&#8221;1\/3&#8243;][vc_single_image image=&#8221;783&#8243; img_size=&#8221;full&#8221;][\/vc_column_inner][vc_column_inner width=&#8221;1\/3&#8243;]\n    <header class=\"section-heading \">\n                <h4  class=\"  text-left\" >PRESERVATION OF LOCAL VALUES<\/h4>\n            <\/header>\n\n    [vc_column_text]We aim not only to promote local creativity and the preservation of local values, but also to help preserve local cultural and built heritage and to foster the cultivation of local spiritual traditions, providing a space and a platform for their appreciation.[\/vc_column_text][\/vc_column_inner][\/vc_row_inner][\/vc_column][\/vc_row][vc_row full_width=&#8221;stretch_row_content_no_spaces&#8221;][vc_column]    <section id=\"video\" class=\"section video-player dark-bg\" style=\"background: url('http:\/\/muveszetekavidekfejlesztesert.hu\/wp-content\/uploads\/2018\/10\/MG_0296.jpg');background-size: cover;background-position: bottom center;\">\n        <div class=\"color-overlay\"><\/div>\n\n        <div class=\"container\" id=\"video-info\">\n            <div class=\"row\">\n                <div class=\"col-sm-5\">\n\n                    <!-- video-left -->\n                    <div class=\"video-left\">\n                                            <\/div>\n\n                <\/div><!-- col-sm-4 -->\n\n                <div class=\"col-sm-2\">\n\n                    <!-- Play Button -->\n                    <a id=\"playVideo\" href=\"#\" class=\"btn video-icon\">\n                        <i class=\"ion-ios-play-outline\"><\/i>\n                    <\/a>\n\n                <\/div><!-- col-sm-4 -->\n\n                <div class=\"col-sm-5\">\n\n                    <!-- video-right -->\n                    <div class=\"video-right\">\n                        EXPERIENCE THE VALLEY OF THE ARTS!                    <\/div>\n\n                <\/div><!-- col-sm-4 -->\n            <\/div><!-- row -->\n\n        <\/div><!-- container -->\n    <\/section>\n\n    <div class=\"container\" id=\"video-container\">\n        <div class=\"row\">\n            <div class=\"col-md-8 col-md-offset-2\">\n                <div id=\"ytPlayer\" class=\"embed-responsive embed-responsive-16by9\">\n                    <iframe  class=\"embed-responsive-item\" title=\"YouTube video player\" src=\"https:\/\/www.youtube.com\/watch?v=eamn6SdrzTU?enablejsapi=1\"><\/iframe>\n                <\/div><!--ytPlayer-->\n            <\/div>\n        <\/div>\n    <\/div>\n    [\/vc_column][\/vc_row][vc_row full_width=&#8221;stretch_row&#8221; css=&#8221;.vc_custom_1553626529437{padding-top: 90px !important;padding-bottom: 90px !important;}&#8221; el_id=&#8221;fesztivalok&#8221;][vc_column]                <header class=\"section-heading  section-heading-underline  \" >\n                                <h2>Supported Festivals<\/h2>\n                                                    <span>Successful projects, great results for rural development<\/span>\n                            <\/header>\n        [vc_row_inner content_placement=&#8221;middle&#8221; css=&#8221;.vc_custom_1586459005251{padding-top: 90px !important;}&#8221; el_class=&#8221;front_posts&#8221;][vc_column_inner]    <!-- Blog -->\n    <section id=\"blog\" class=\"section blog blog-grid\">\n        <div class=\"container\">\n\n            <div id=\"blogContent\" class=\"section-content\">\n                <div class=\"row\">\n                                                                    <div class=\"col-md-4 col-sm-6\">\n                            <div class=\"blog-post\">\n                                <header>\n                                    <h4 class=\"date\">05<br>Oct<\/h4>\n                                    <div class=\"blog-element\">\n                                        <img class=\"img-responsive\" src=\"http:\/\/muveszetekavidekfejlesztesert.hu\/wp-content\/uploads\/2023\/10\/KD_1nap_T\u00f3t_Mea_select-1030-1-825x510.jpg\" alt=\"\">\n                                    <\/div>\n                                <\/header>\n                                <div class=\"blog-content\">\n                                    <h4><a href=\"http:\/\/muveszetekavidekfejlesztesert.hu\/en\/2023\/10\/05\/a-kerekdomb-fesztival-6500-latogatoval-zarta-a-fesztivalszezont\/\">The Kerekdomb Festival closed the festival season with 6500 visitors<\/a><\/h4>\n                                    <div class=\"post-meta\">\n                                        <span>By <a href=\"http:\/\/muveszetekavidekfejlesztesert.hu\/en\/author\/siska\/\">Siska Petra<\/a><\/span>\n                                        <span><a href=\"http:\/\/muveszetekavidekfejlesztesert.hu\/en\/2023\/10\/05\/a-kerekdomb-fesztival-6500-latogatoval-zarta-a-fesztivalszezont\/\">0 Comments<\/a><\/span>\n                                    <\/div>\n                                    <p>...<\/p>\n                                <\/div>\n                            <\/div>\n                        <\/div>\n                                                                    <div class=\"col-md-4 col-sm-6\">\n                            <div class=\"blog-post\">\n                                <header>\n                                    <h4 class=\"date\">05<br>Aug<\/h4>\n                                    <div class=\"blog-element\">\n                                        <img class=\"img-responsive\" src=\"http:\/\/muveszetekavidekfejlesztesert.hu\/wp-content\/uploads\/2023\/10\/7nap_Fekete_Tibor_Kristof-26-2-825x510.jpg\" alt=\"\">\n                                    <\/div>\n                                <\/header>\n                                <div class=\"blog-content\">\n                                    <h4><a href=\"http:\/\/muveszetekavidekfejlesztesert.hu\/en\/2023\/08\/05\/another-record-number-of-visitors-and-a-full-house-at-the-32nd-arts-valley-festival\/\">Another record number of visitors and a full house at the 32nd Arts Valley Festival<\/a><\/h4>\n                                    <div class=\"post-meta\">\n                                        <span>By <a href=\"http:\/\/muveszetekavidekfejlesztesert.hu\/en\/author\/wam\/\">wam<\/a><\/span>\n                                        <span><a href=\"http:\/\/muveszetekavidekfejlesztesert.hu\/en\/2023\/08\/05\/another-record-number-of-visitors-and-a-full-house-at-the-32nd-arts-valley-festival\/\">0 Comments<\/a><\/span>\n                                    <\/div>\n                                    <p>...<\/p>\n                                <\/div>\n                            <\/div>\n                        <\/div>\n                                                                    <div class=\"col-md-4 col-sm-6\">\n                            <div class=\"blog-post\">\n                                <header>\n                                    <h4 class=\"date\">19<br>Oct<\/h4>\n                                    <div class=\"blog-element\">\n                                        <img class=\"img-responsive\" src=\"http:\/\/muveszetekavidekfejlesztesert.hu\/wp-content\/uploads\/2023\/10\/kerekdomb2022-1-825x510.jpg\" alt=\"\">\n                                    <\/div>\n                                <\/header>\n                                <div class=\"blog-content\">\n                                    <h4><a href=\"http:\/\/muveszetekavidekfejlesztesert.hu\/en\/2022\/10\/19\/more-than-5000-people-kicked-off-the-autumn-at-the-kerekdomb-festival\/\">More than 5000 people kicked off the autumn at the Kerekdomb Festival<\/a><\/h4>\n                                    <div class=\"post-meta\">\n                                        <span>By <a href=\"http:\/\/muveszetekavidekfejlesztesert.hu\/en\/author\/wam\/\">wam<\/a><\/span>\n                                        <span><a href=\"http:\/\/muveszetekavidekfejlesztesert.hu\/en\/2022\/10\/19\/more-than-5000-people-kicked-off-the-autumn-at-the-kerekdomb-festival\/\">0 Comments<\/a><\/span>\n                                    <\/div>\n                                    <p>...<\/p>\n                                <\/div>\n                            <\/div>\n                        <\/div>\n                                    <\/div>\n\n            <\/div><!--\/#blogContent-->\n\n            <div class=\"text-center\">\n                <a id=\"loadBlogPosts\" href=\"http:\/\/muveszetekavidekfejlesztesert.hu\/en\/festivals\/\" class=\"btn btn-dark\">View All <span class=\"fa fa-angle-double-right\"><\/span><\/a>\n            <\/div>\n\n        <\/div><!--\/.container-->\n    <\/section>\n    <!-- Blog -->\n    [\/vc_column_inner][\/vc_row_inner][\/vc_column][\/vc_row][vc_row full_width=&#8221;stretch_row_content_no_spaces&#8221; css=&#8221;.vc_custom_1485423819080{padding-top: 30px !important;padding-bottom: 30px !important;background-color: #000000 !important;}&#8221;][vc_column][\/vc_column][\/vc_row][vc_row full_width=&#8221;stretch_row&#8221; css=&#8221;.vc_custom_1492770124542{padding-top: 90px !important;padding-bottom: 90px !important;}&#8221; el_id=&#8221;contact&#8221;][vc_column]                <header class=\"section-heading  section-heading-underline  \" >\n                                <h2>Contact us!<\/h2>\n                                                    <span>We look forward to receiving your message!<\/span>\n                            <\/header>\n        [vc_row_inner css=&#8221;.vc_custom_1492769651845{padding-top: 90px !important;padding-bottom: 90px !important;}&#8221;][vc_column_inner width=&#8221;1\/2&#8243;]\n    <header class=\"section-heading \">\n                <h4  class=\"  text-left\" >Contact us!<\/h4>\n            <\/header>\n\n    \n<div class=\"wpcf7 no-js\" id=\"wpcf7-f905-o1\" lang=\"hu-HU\" dir=\"ltr\">\n<div class=\"screen-reader-response\"><p role=\"status\" aria-live=\"polite\" aria-atomic=\"true\"><\/p> <ul><\/ul><\/div>\n<form action=\"\/en\/wp-json\/wp\/v2\/pages\/887#wpcf7-f905-o1\" method=\"post\" class=\"wpcf7-form init\" aria-label=\"Kapcsolatfelv\u00e9teli \u0171rlap\" novalidate=\"novalidate\" data-status=\"init\">\n<div style=\"display: none;\">\n<input type=\"hidden\" name=\"_wpcf7\" value=\"905\" \/>\n<input type=\"hidden\" name=\"_wpcf7_version\" value=\"5.8.1\" \/>\n<input type=\"hidden\" name=\"_wpcf7_locale\" value=\"hu_HU\" \/>\n<input type=\"hidden\" name=\"_wpcf7_unit_tag\" value=\"wpcf7-f905-o1\" \/>\n<input type=\"hidden\" name=\"_wpcf7_container_post\" value=\"0\" \/>\n<input type=\"hidden\" name=\"_wpcf7_posted_data_hash\" value=\"\" \/>\n<\/div>\n<p><span class=\"wpcf7-form-control-wrap\" data-name=\"your-name\"><input size=\"40\" class=\"wpcf7-form-control wpcf7-text wpcf7-validates-as-required\" id=\"name\" aria-required=\"true\" aria-invalid=\"false\" placeholder=\"Name\" value=\"\" type=\"text\" name=\"your-name\" \/><\/span><br \/>\n<span class=\"wpcf7-form-control-wrap\" data-name=\"your-email\"><input size=\"40\" class=\"wpcf7-form-control wpcf7-email wpcf7-validates-as-required wpcf7-text wpcf7-validates-as-email\" id=\"email\" aria-required=\"true\" aria-invalid=\"false\" placeholder=\"E-mail address\" value=\"\" type=\"email\" name=\"your-email\" \/><\/span><br \/>\n<span class=\"wpcf7-form-control-wrap\" data-name=\"your-subject\"><input size=\"40\" class=\"wpcf7-form-control wpcf7-text wpcf7-validates-as-required\" aria-required=\"true\" aria-invalid=\"false\" placeholder=\"Subject\" value=\"\" type=\"text\" name=\"your-subject\" \/><\/span><br \/>\n<span class=\"wpcf7-form-control-wrap\" data-name=\"your-message\"><textarea cols=\"40\" rows=\"10\" class=\"wpcf7-form-control wpcf7-textarea wpcf7-validates-as-required\" id=\"message\" aria-required=\"true\" aria-invalid=\"false\" placeholder=\"Message\" name=\"your-message\"><\/textarea><\/span><br \/>\n<button type=\"submit\" class=\"btn btn-dark btn-block\">Send<\/button>\n<\/p><div class=\"wpcf7-response-output\" aria-hidden=\"true\"><\/div>\n<\/form>\n<\/div>\n[\/vc_column_inner][vc_column_inner width=&#8221;1\/2&#8243;]\n    <header class=\"section-heading \">\n                <h4  class=\"  text-left\" >Address<\/h4>\n            <\/header>\n\n                <!-- Contact-us -->\n        <section class=\"contact\">\n            <div class=\"row section-content\">\n                <div class=\"col-md-12\">\n                    <div class=\"google-map\">\n                        <div id=\"map\" data-api-key=\"AIzaSyCtzwd2pqzwfC6Q8aqqWo1pORUUYwLhwZ0\" data-latitude=\"47.496928\" data-longitude=\"19.056977\">\n                                                    <\/div>\n                    <\/div>\n                    <div class=\"row contact-info-wrap\">\n                                                    <div class=\"col-sm-6\">\n                                <div>\n                                    <h5>Office Address<\/h5>\n                                    <address class=\"contact-info\">\n                                        M\u0171v\u00e9szetek a Vid\u00e9kfejleszt\u00e9s\u00e9rt Alap\u00edtv\u00e1ny<br \/>\n1075 Budapest,<br \/>\nK\u00e1roly krt. 13-15. B building, 7. floor 46.                                    <\/address>\n                                <\/div>\n                            <\/div>\n                                                                    <\/div>\n                <\/div>\n            <\/div>\n        <\/section>\n        <!-- Contact-us -->\n        [\/vc_column_inner][\/vc_row_inner][\/vc_column][\/vc_row][vc_row el_class=&#8221;Csapatunk&#8221;][vc_column el_class=&#8221;Csapatunk&#8221;][stoic_team columns=&#8221;3&#8243; class=&#8221;Csapatunk&#8221; id=&#8221;Csapatunk&#8221; team_members=&#8221;%5B%7B%22image%22%3A%22596%22%2C%22name%22%3A%22Oszk%C3%B3-Jakab%20Nat%C3%A1lia%22%2C%22designation%22%3A%22Chairman%20of%20the%20board%20of%20trustees%22%7D%2C%7B%22image%22%3A%22605%22%2C%22name%22%3A%22Somoske%C5%91y%20%C3%81gnes%22%2C%22designation%22%3A%22Financial%20director%22%7D%2C%7B%22image%22%3A%22660%22%2C%22name%22%3A%22Majl%C3%A1th%20D%C3%B3ra%22%2C%22designation%22%3A%22Online%20communication%20manager%22%7D%2C%7B%22image%22%3A%22644%22%2C%22name%22%3A%22Nagy%20K%C3%A1tya%22%2C%22designation%22%3A%22PR%20director%22%7D%2C%7B%22image%22%3A%22645%22%2C%22name%22%3A%22Nagy%20Adrienn%22%2C%22designation%22%3A%22Program%20manager%22%7D%2C%7B%22image%22%3A%22610%22%2C%22name%22%3A%22Siska%20Petra%22%2C%22designation%22%3A%22Program%20manager%22%7D%5D&#8221;][\/vc_column][\/vc_row][vc_section][vc_row][vc_column][vc_column_text]<\/p>\n<h2 style=\"text-align: center;\"><strong>Supporters<\/strong><\/h2>\n<p>[\/vc_column_text][\/vc_column][\/vc_row][\/vc_section][vc_row][vc_column width=&#8221;1\/3&#8243;][vc_single_image image=&#8221;855&#8243; img_size=&#8221;medium&#8221; alignment=&#8221;center&#8221;][\/vc_column][vc_column width=&#8221;1\/3&#8243;][vc_single_image image=&#8221;856&#8243; img_size=&#8221;medium&#8221; alignment=&#8221;center&#8221;][\/vc_column][vc_column width=&#8221;1\/3&#8243;][vc_single_image image=&#8221;857&#8243; img_size=&#8221;medium&#8221; alignment=&#8221;center&#8221;][\/vc_column][\/vc_row][vc_row][vc_column][\/vc_column][\/vc_row]<\/p>\n","protected":false},"excerpt":{"rendered":"<p>[vc_row full_width=&#8221;stretch_row&#8221; css=&#8221;.vc_custom_1486013594738{padding-top: 90px !important;padding-bottom: 90px !important;}&#8221; el_id=&#8221;about&#8221;][vc_column][vc_row_inner content_placement=&#8221;middle&#8221; css=&#8221;.vc_custom_1485409106666{padding-top: 90px !important;}&#8221;][vc_column_inner width=&#8221;1\/3&#8243; el_id=&#8221;REGIONAL BOOM&#8221;][vc_column_text] The primary objective of the Arts for Rural Development Foundation is to create a regional boom by supporting, organising and maintaining all-round arts events and festivals in rural areas and small villages. [\/vc_column_text][\/vc_column_inner][vc_column_inner width=&#8221;1\/3&#8243;][vc_single_image image=&#8221;783&#8243; img_size=&#8221;full&#8221;][\/vc_column_inner][vc_column_inner width=&#8221;1\/3&#8243;][vc_column_text]We aim not only [&hellip;]<\/p>\n","protected":false},"author":1,"featured_media":809,"parent":0,"menu_order":0,"comment_status":"closed","ping_status":"closed","template":"","meta":{"footnotes":""},"_links":{"self":[{"href":"http:\/\/muveszetekavidekfejlesztesert.hu\/en\/wp-json\/wp\/v2\/pages\/887"}],"collection":[{"href":"http:\/\/muveszetekavidekfejlesztesert.hu\/en\/wp-json\/wp\/v2\/pages"}],"about":[{"href":"http:\/\/muveszetekavidekfejlesztesert.hu\/en\/wp-json\/wp\/v2\/types\/page"}],"author":[{"embeddable":true,"href":"http:\/\/muveszetekavidekfejlesztesert.hu\/en\/wp-json\/wp\/v2\/users\/1"}],"replies":[{"embeddable":true,"href":"http:\/\/muveszetekavidekfejlesztesert.hu\/en\/wp-json\/wp\/v2\/comments?post=887"}],"version-history":[{"count":24,"href":"http:\/\/muveszetekavidekfejlesztesert.hu\/en\/wp-json\/wp\/v2\/pages\/887\/revisions"}],"predecessor-version":[{"id":952,"href":"http:\/\/muveszetekavidekfejlesztesert.hu\/en\/wp-json\/wp\/v2\/pages\/887\/revisions\/952"}],"wp:featuredmedia":[{"embeddable":true,"href":"http:\/\/muveszetekavidekfejlesztesert.hu\/en\/wp-json\/wp\/v2\/media\/809"}],"wp:attachment":[{"href":"http:\/\/muveszetekavidekfejlesztesert.hu\/en\/wp-json\/wp\/v2\/media?parent=887"}],"curies":[{"name":"wp","href":"https:\/\/api.w.org\/{rel}","templated":true}]}}